{"id":13314,"date":"2025-09-26T16:36:50","date_gmt":"2025-09-26T14:36:50","guid":{"rendered":"https:\/\/www.centress.com.cn\/?post_type=product&#038;p=13314"},"modified":"2025-10-07T10:40:58","modified_gmt":"2025-10-07T08:40:58","slug":"bamboo","status":"publish","type":"product","link":"https:\/\/www.centress.com.cn\/it\/all-products\/pavimentazione\/bamboo\/","title":{"rendered":"BAMBOO"},"content":{"rendered":"","protected":false},"excerpt":{"rendered":"<p>Eleganti, resistenti e a basso impatto ambientale, i pavimenti in bamb\u00f9 rappresentano una scelta ecologica senza compromessi su estetica e durata. Grazie alla rapida crescita della pianta, il bamb\u00f9 \u00e8 una risorsa rinnovabile ideale per chi cerca soluzioni green per la propria casa.<\/p>\n<p>Naturale e raffinato, questo tipo di pavimento \u00e8 perfetto per ambienti interni, offrendo una superficie resistente a urti, umidit\u00e0 e usura quotidiana. Disponibile in diverse finiture e tonalit\u00e0, si adatta sia a spazi moderni che pi\u00f9 tradizionali.<\/p>\n<p>Facile da posare e da mantenere, il bamb\u00f9 coniuga bellezza e sostenibilit\u00e0, portando calore e armonia in ogni stanza.<\/p>\n","protected":false},"featured_media":13315,"template":"","meta":[],"product_cat":[285],"product_tag":[],"acf":[],"_links":{"self":[{"href":"https:\/\/www.centress.com.cn\/it\/wp-json\/wp\/v2\/product\/13314"}],"collection":[{"href":"https:\/\/www.centress.com.cn\/it\/wp-json\/wp\/v2\/product"}],"about":[{"href":"https:\/\/www.centress.com.cn\/it\/wp-json\/wp\/v2\/types\/product"}],"version-history":[{"count":3,"href":"https:\/\/www.centress.com.cn\/it\/wp-json\/wp\/v2\/product\/13314\/revisions"}],"predecessor-version":[{"id":13337,"href":"https:\/\/www.centress.com.cn\/it\/wp-json\/wp\/v2\/product\/13314\/revisions\/13337"}],"wp:featuredmedia":[{"embeddable":true,"href":"https:\/\/www.centress.com.cn\/it\/wp-json\/wp\/v2\/media\/13315"}],"wp:attachment":[{"href":"https:\/\/www.centress.com.cn\/it\/wp-json\/wp\/v2\/media?parent=13314"}],"wp:term":[{"taxonomy":"product_cat","embeddable":true,"href":"https:\/\/www.centress.com.cn\/it\/wp-json\/wp\/v2\/product_cat?post=13314"},{"taxonomy":"product_tag","embeddable":true,"href":"https:\/\/www.centress.com.cn\/it\/wp-json\/wp\/v2\/product_tag?post=13314"}],"curies":[{"name":"wp","href":"https:\/\/api.w.org\/{rel}","templated":true}]}}