{"id":13299,"date":"2025-09-26T16:32:43","date_gmt":"2025-09-26T14:32:43","guid":{"rendered":"https:\/\/www.centress.com.cn\/?post_type=product&#038;p=13299"},"modified":"2025-10-07T10:47:26","modified_gmt":"2025-10-07T08:47:26","slug":"spc","status":"publish","type":"product","link":"https:\/\/www.centress.com.cn\/it\/all-products\/pavimentazione\/spc\/","title":{"rendered":"SPC"},"content":{"rendered":"","protected":false},"excerpt":{"rendered":"<p>L&#8217;SPC \u00e8 un pavimento vinilico di nuova generazione composto da una miscela di polvere di pietra e PVC, progettato per garantire stabilit\u00e0, impermeabilit\u00e0 e durata nel tempo. \u00c8 la scelta ideale per chi desidera un rivestimento raffinato, capace di resistere a graffi, urti, umidit\u00e0 e sbalzi termici.<\/p>\n<p>Disponibile in un\u2019ampia variet\u00e0 di finiture \u2013 effetto parquet, cemento, marmo o texture pi\u00f9 moderne \u2013 il pavimento SPC si adatta a qualsiasi tipo di arredo, dal classico al contemporaneo.<\/p>\n<p>Facile da posare grazie al sistema a incastro, non richiede colle n\u00e9 attrezzi professionali: basta un po\u2019 di manualit\u00e0 per trasformare radicalmente l\u2019aspetto di un ambiente. Inoltre, grazie alla sua struttura rigida e compatta, pu\u00f2 essere installato anche su superfici leggermente irregolari, offrendo un risultato uniforme e professionale.<\/p>\n<p>Tra i vantaggi pi\u00f9 apprezzati c\u2019\u00e8 sicuramente la resistenza all\u2019acqua, che lo rende perfetto anche per ambienti umidi come bagni, lavanderie o seminterrati. Non teme infiltrazioni n\u00e9 deformazioni, ed \u00e8 facile da pulire con una semplice passata.<\/p>\n<p>\u00c8 possibile richiederlo gi\u00e0 con uno strato isolante integrato (IXPE), capace di attutire i rumori e migliorare il comfort al calpestio.<\/p>\n","protected":false},"featured_media":13300,"template":"","meta":[],"product_cat":[285],"product_tag":[],"acf":[],"_links":{"self":[{"href":"https:\/\/www.centress.com.cn\/it\/wp-json\/wp\/v2\/product\/13299"}],"collection":[{"href":"https:\/\/www.centress.com.cn\/it\/wp-json\/wp\/v2\/product"}],"about":[{"href":"https:\/\/www.centress.com.cn\/it\/wp-json\/wp\/v2\/types\/product"}],"version-history":[{"count":4,"href":"https:\/\/www.centress.com.cn\/it\/wp-json\/wp\/v2\/product\/13299\/revisions"}],"predecessor-version":[{"id":13347,"href":"https:\/\/www.centress.com.cn\/it\/wp-json\/wp\/v2\/product\/13299\/revisions\/13347"}],"wp:featuredmedia":[{"embeddable":true,"href":"https:\/\/www.centress.com.cn\/it\/wp-json\/wp\/v2\/media\/13300"}],"wp:attachment":[{"href":"https:\/\/www.centress.com.cn\/it\/wp-json\/wp\/v2\/media?parent=13299"}],"wp:term":[{"taxonomy":"product_cat","embeddable":true,"href":"https:\/\/www.centress.com.cn\/it\/wp-json\/wp\/v2\/product_cat?post=13299"},{"taxonomy":"product_tag","embeddable":true,"href":"https:\/\/www.centress.com.cn\/it\/wp-json\/wp\/v2\/product_tag?post=13299"}],"curies":[{"name":"wp","href":"https:\/\/api.w.org\/{rel}","templated":true}]}}