{"id":8016,"date":"2023-07-07T10:36:22","date_gmt":"2023-07-07T08:36:22","guid":{"rendered":"https:\/\/www.centress.com.cn\/prodotto\/mgo\/"},"modified":"2023-07-07T10:36:23","modified_gmt":"2023-07-07T08:36:23","slug":"mgo","status":"publish","type":"product","link":"https:\/\/www.centress.com.cn\/es\/all-products\/oxido-de-magnesio\/mgo\/","title":{"rendered":"MgO"},"content":{"rendered":"<p>\u00d3xido de magnesio<\/p>\n<p>Tipos:<\/p>\n<p>Serie H: polvo de \u00f3xido de magnesio de grado el\u00e9ctrico especial para aplicaciones de alta temperatura (hasta 1000 \u00b0C): granulometr\u00eda fino y sin tratamiento con silicona<\/p>\n<p>Serie M: polvo de \u00f3xido de magnesio de grado el\u00e9ctrico resistente a la humedad y a medias temperaturas (400 \u00b0C a 750 \u00b0C) &#8211; tratado con un % de silicona desde media hacia alta<\/p>\n<p>Serie L: polvo de \u00f3xido de magnesio de grado el\u00e9ctrico resistente a la humedad y a las bajas temperaturas (300 \u00b0C) &#8211; tratado con un alto % de silicona<\/p>\n<p>JS-HPPS: Polvo de \u00f3xido de magnesio para aplicaci\u00f3n en placas calentadas &#8211; resistente a la humedad &#8211; tratado con alto % de silicona<\/p>\n","protected":false},"excerpt":{"rendered":"<p>\u00d3xido de magnesio Tipos: Serie H: polvo de \u00f3xido de magnesio de grado el\u00e9ctrico especial para aplicaciones de alta temperatura (hasta 1000 \u00b0C): granulometr\u00eda fino y<span class=\"excerpt-hellip\"> [\u2026]<\/span><\/p>\n","protected":false},"featured_media":4272,"template":"","meta":[],"product_cat":[178],"product_tag":[],"acf":[],"_links":{"self":[{"href":"https:\/\/www.centress.com.cn\/es\/wp-json\/wp\/v2\/product\/8016"}],"collection":[{"href":"https:\/\/www.centress.com.cn\/es\/wp-json\/wp\/v2\/product"}],"about":[{"href":"https:\/\/www.centress.com.cn\/es\/wp-json\/wp\/v2\/types\/product"}],"version-history":[{"count":0,"href":"https:\/\/www.centress.com.cn\/es\/wp-json\/wp\/v2\/product\/8016\/revisions"}],"wp:featuredmedia":[{"embeddable":true,"href":"https:\/\/www.centress.com.cn\/es\/wp-json\/wp\/v2\/media\/4272"}],"wp:attachment":[{"href":"https:\/\/www.centress.com.cn\/es\/wp-json\/wp\/v2\/media?parent=8016"}],"wp:term":[{"taxonomy":"product_cat","embeddable":true,"href":"https:\/\/www.centress.com.cn\/es\/wp-json\/wp\/v2\/product_cat?post=8016"},{"taxonomy":"product_tag","embeddable":true,"href":"https:\/\/www.centress.com.cn\/es\/wp-json\/wp\/v2\/product_tag?post=8016"}],"curies":[{"name":"wp","href":"https:\/\/api.w.org\/{rel}","templated":true}]}}