{"id":7995,"date":"2023-07-07T10:36:16","date_gmt":"2023-07-07T08:36:16","guid":{"rendered":"https:\/\/www.centress.com.cn\/prodotto\/cs536-3\/"},"modified":"2023-07-07T10:36:17","modified_gmt":"2023-07-07T08:36:17","slug":"cs536-3","status":"publish","type":"product","link":"https:\/\/www.centress.com.cn\/es\/all-products\/repuestos-de-cocina\/interruptores-rotativos\/cs536-3\/","title":{"rendered":"CS536-3"},"content":{"rendered":"<p>Interruptor rotativo<br \/>\n120V~16A, 240V~8A; Ajuste la posici\u00f3n del interruptor para controlar la posici\u00f3n de contacto para realizar la funci\u00f3n m\u00faltiple de la m\u00e1quina completa<\/p>\n","protected":false},"excerpt":{"rendered":"<p>Interruptor rotativo 120V~16A, 240V~8A; Ajuste la posici\u00f3n del interruptor para controlar la posici\u00f3n de contacto para realizar la funci\u00f3n m\u00faltiple de la m\u00e1quina completa<\/p>\n","protected":false},"featured_media":4173,"template":"","meta":[],"product_cat":[174],"product_tag":[],"acf":[],"_links":{"self":[{"href":"https:\/\/www.centress.com.cn\/es\/wp-json\/wp\/v2\/product\/7995"}],"collection":[{"href":"https:\/\/www.centress.com.cn\/es\/wp-json\/wp\/v2\/product"}],"about":[{"href":"https:\/\/www.centress.com.cn\/es\/wp-json\/wp\/v2\/types\/product"}],"version-history":[{"count":0,"href":"https:\/\/www.centress.com.cn\/es\/wp-json\/wp\/v2\/product\/7995\/revisions"}],"wp:featuredmedia":[{"embeddable":true,"href":"https:\/\/www.centress.com.cn\/es\/wp-json\/wp\/v2\/media\/4173"}],"wp:attachment":[{"href":"https:\/\/www.centress.com.cn\/es\/wp-json\/wp\/v2\/media?parent=7995"}],"wp:term":[{"taxonomy":"product_cat","embeddable":true,"href":"https:\/\/www.centress.com.cn\/es\/wp-json\/wp\/v2\/product_cat?post=7995"},{"taxonomy":"product_tag","embeddable":true,"href":"https:\/\/www.centress.com.cn\/es\/wp-json\/wp\/v2\/product_tag?post=7995"}],"curies":[{"name":"wp","href":"https:\/\/api.w.org\/{rel}","templated":true}]}}