{"id":7812,"date":"2023-07-07T10:35:19","date_gmt":"2023-07-07T08:35:19","guid":{"rendered":"https:\/\/www.centress.com.cn\/prodotto\/czd5050qb\/"},"modified":"2023-07-07T10:35:19","modified_gmt":"2023-07-07T08:35:19","slug":"czd5050qb","status":"publish","type":"product","link":"https:\/\/www.centress.com.cn\/es\/all-products\/fregaderos-sifones\/fregaderos-rectangulares-y-cuadrados-individuales\/czd5050qb\/","title":{"rendered":"CZD5050QB"},"content":{"rendered":"<p>Fregadero individual cuadrado<br \/>\nTama\u00f1o (mm): 500*500*190<br \/>\nAcero inoxidable SS 304<br \/>\nGrosor (mm): 0,6<br \/>\nAcabado superficial: brillante<br \/>\nTipo de instalaci\u00f3n: empotrada<br \/>\nTama\u00f1o del orificio de drenaje (mm): 114<\/p>\n","protected":false},"excerpt":{"rendered":"<p>Fregadero individual cuadrado Tama\u00f1o (mm): 500*500*190 Acero inoxidable SS 304 Grosor (mm): 0,6 Acabado superficial: brillante Tipo de instalaci\u00f3n: empotrada Tama\u00f1o del orificio de drenaje (mm):<span class=\"excerpt-hellip\"> [\u2026]<\/span><\/p>\n","protected":false},"featured_media":3540,"template":"","meta":[],"product_cat":[261],"product_tag":[],"acf":[],"_links":{"self":[{"href":"https:\/\/www.centress.com.cn\/es\/wp-json\/wp\/v2\/product\/7812"}],"collection":[{"href":"https:\/\/www.centress.com.cn\/es\/wp-json\/wp\/v2\/product"}],"about":[{"href":"https:\/\/www.centress.com.cn\/es\/wp-json\/wp\/v2\/types\/product"}],"version-history":[{"count":0,"href":"https:\/\/www.centress.com.cn\/es\/wp-json\/wp\/v2\/product\/7812\/revisions"}],"wp:featuredmedia":[{"embeddable":true,"href":"https:\/\/www.centress.com.cn\/es\/wp-json\/wp\/v2\/media\/3540"}],"wp:attachment":[{"href":"https:\/\/www.centress.com.cn\/es\/wp-json\/wp\/v2\/media?parent=7812"}],"wp:term":[{"taxonomy":"product_cat","embeddable":true,"href":"https:\/\/www.centress.com.cn\/es\/wp-json\/wp\/v2\/product_cat?post=7812"},{"taxonomy":"product_tag","embeddable":true,"href":"https:\/\/www.centress.com.cn\/es\/wp-json\/wp\/v2\/product_tag?post=7812"}],"curies":[{"name":"wp","href":"https:\/\/api.w.org\/{rel}","templated":true}]}}