{"id":7603,"date":"2023-07-07T10:34:09","date_gmt":"2023-07-07T08:34:09","guid":{"rendered":"https:\/\/www.centress.com.cn\/prodotto\/cz-70a01\/"},"modified":"2023-07-07T10:34:13","modified_gmt":"2023-07-07T08:34:13","slug":"cz-70a01","status":"publish","type":"product","link":"https:\/\/www.centress.com.cn\/es\/all-products\/duchas-mangueras-flexibles-mangueras-rigidas\/alcachofas-de-ducha-redondas\/cz-70a01\/","title":{"rendered":"CZ-70A01"},"content":{"rendered":"<p>Alcachofas de ducha<br \/>\n1: Medida: \u00c6100mm 4&#8243;<br \/>\n2: Material: nuevo abs<br \/>\n3: superficie: cara gris, boquilla negra<br \/>\n4: Conectores: lat\u00f3n<br \/>\n3 funciones<br \/>\nm\u00e1x. 9,5 l\/min a 5,3 bar (\u2248 80 psi,)<br \/>\ncon filtro de malla, con restricci\u00f3n<\/p>\n","protected":false},"excerpt":{"rendered":"<p>Alcachofas de ducha 1: Medida: \u00c6100mm 4&#8243; 2: Material: nuevo abs 3: superficie: cara gris, boquilla negra 4: Conectores: lat\u00f3n 3 funciones m\u00e1x. 9,5 l\/min a<span class=\"excerpt-hellip\"> [\u2026]<\/span><\/p>\n","protected":false},"featured_media":2752,"template":"","meta":[],"product_cat":[253],"product_tag":[],"acf":[],"_links":{"self":[{"href":"https:\/\/www.centress.com.cn\/es\/wp-json\/wp\/v2\/product\/7603"}],"collection":[{"href":"https:\/\/www.centress.com.cn\/es\/wp-json\/wp\/v2\/product"}],"about":[{"href":"https:\/\/www.centress.com.cn\/es\/wp-json\/wp\/v2\/types\/product"}],"version-history":[{"count":0,"href":"https:\/\/www.centress.com.cn\/es\/wp-json\/wp\/v2\/product\/7603\/revisions"}],"wp:featuredmedia":[{"embeddable":true,"href":"https:\/\/www.centress.com.cn\/es\/wp-json\/wp\/v2\/media\/2752"}],"wp:attachment":[{"href":"https:\/\/www.centress.com.cn\/es\/wp-json\/wp\/v2\/media?parent=7603"}],"wp:term":[{"taxonomy":"product_cat","embeddable":true,"href":"https:\/\/www.centress.com.cn\/es\/wp-json\/wp\/v2\/product_cat?post=7603"},{"taxonomy":"product_tag","embeddable":true,"href":"https:\/\/www.centress.com.cn\/es\/wp-json\/wp\/v2\/product_tag?post=7603"}],"curies":[{"name":"wp","href":"https:\/\/api.w.org\/{rel}","templated":true}]}}