{"id":7460,"date":"2023-07-07T10:33:29","date_gmt":"2023-07-07T08:33:29","guid":{"rendered":"https:\/\/www.centress.com.cn\/prodotto\/cr68z-0x16c4\/"},"modified":"2023-07-07T10:33:32","modified_gmt":"2023-07-07T08:33:32","slug":"cr68z-0x16c4","status":"publish","type":"product","link":"https:\/\/www.centress.com.cn\/es\/all-products\/grifos-desague-accesorios\/valvulas-de-angulo-de-laton-grifos-desague-accesorios\/cr68z-0x16c4\/","title":{"rendered":"CR68Z-0X16C4"},"content":{"rendered":"<p>V\u00e1lvula de \u00e1ngulo de lat\u00f3n<\/p>\n","protected":false},"excerpt":{"rendered":"<p>V\u00e1lvula de \u00e1ngulo de lat\u00f3n<\/p>\n","protected":false},"featured_media":2189,"template":"","meta":[],"product_cat":[245],"product_tag":[],"acf":[],"_links":{"self":[{"href":"https:\/\/www.centress.com.cn\/es\/wp-json\/wp\/v2\/product\/7460"}],"collection":[{"href":"https:\/\/www.centress.com.cn\/es\/wp-json\/wp\/v2\/product"}],"about":[{"href":"https:\/\/www.centress.com.cn\/es\/wp-json\/wp\/v2\/types\/product"}],"version-history":[{"count":0,"href":"https:\/\/www.centress.com.cn\/es\/wp-json\/wp\/v2\/product\/7460\/revisions"}],"wp:featuredmedia":[{"embeddable":true,"href":"https:\/\/www.centress.com.cn\/es\/wp-json\/wp\/v2\/media\/2189"}],"wp:attachment":[{"href":"https:\/\/www.centress.com.cn\/es\/wp-json\/wp\/v2\/media?parent=7460"}],"wp:term":[{"taxonomy":"product_cat","embeddable":true,"href":"https:\/\/www.centress.com.cn\/es\/wp-json\/wp\/v2\/product_cat?post=7460"},{"taxonomy":"product_tag","embeddable":true,"href":"https:\/\/www.centress.com.cn\/es\/wp-json\/wp\/v2\/product_tag?post=7460"}],"curies":[{"name":"wp","href":"https:\/\/api.w.org\/{rel}","templated":true}]}}