{"id":7329,"date":"2023-07-07T10:32:56","date_gmt":"2023-07-07T08:32:56","guid":{"rendered":"https:\/\/www.centress.com.cn\/prodotto\/csdqz56xc8c4yvc\/"},"modified":"2023-07-07T10:32:56","modified_gmt":"2023-07-07T08:32:56","slug":"csdqz56xc8c4yvc","status":"publish","type":"product","link":"https:\/\/www.centress.com.cn\/es\/all-products\/grifos-desague-accesorios\/grifos-y-mezcladores-del-fregadero\/csdqz56xc8c4yvc\/","title":{"rendered":"CSDQZ56XC8C4YVC"},"content":{"rendered":"<p>Mezclador de cocina<br \/>\nCartucho de cer\u00e1mica: 25 mm, 500 000 veces sin fugas, marca: Wanhai<br \/>\nManguera est\u00e1ndar<br \/>\nTiradores de lat\u00f3n<br \/>\nTubo interior USA SS 304 de 50cm de longitud y EPDM para mezclador de agua fr\u00eda y caliente, conexi\u00f3n de grifo M10 * 1, conexi\u00f3n de v\u00e1lvula de \u00e1ngulo G1 \/ 2 \u00bb<br \/>\nTratamiento superficial: cromo brillante<\/p>\n","protected":false},"excerpt":{"rendered":"<p>Mezclador de cocina Cartucho de cer\u00e1mica: 25 mm, 500 000 veces sin fugas, marca: Wanhai Manguera est\u00e1ndar Tiradores de lat\u00f3n Tubo interior USA SS 304 de<span class=\"excerpt-hellip\"> [\u2026]<\/span><\/p>\n","protected":false},"featured_media":1614,"template":"","meta":[],"product_cat":[239],"product_tag":[],"acf":[],"_links":{"self":[{"href":"https:\/\/www.centress.com.cn\/es\/wp-json\/wp\/v2\/product\/7329"}],"collection":[{"href":"https:\/\/www.centress.com.cn\/es\/wp-json\/wp\/v2\/product"}],"about":[{"href":"https:\/\/www.centress.com.cn\/es\/wp-json\/wp\/v2\/types\/product"}],"version-history":[{"count":0,"href":"https:\/\/www.centress.com.cn\/es\/wp-json\/wp\/v2\/product\/7329\/revisions"}],"wp:featuredmedia":[{"embeddable":true,"href":"https:\/\/www.centress.com.cn\/es\/wp-json\/wp\/v2\/media\/1614"}],"wp:attachment":[{"href":"https:\/\/www.centress.com.cn\/es\/wp-json\/wp\/v2\/media?parent=7329"}],"wp:term":[{"taxonomy":"product_cat","embeddable":true,"href":"https:\/\/www.centress.com.cn\/es\/wp-json\/wp\/v2\/product_cat?post=7329"},{"taxonomy":"product_tag","embeddable":true,"href":"https:\/\/www.centress.com.cn\/es\/wp-json\/wp\/v2\/product_tag?post=7329"}],"curies":[{"name":"wp","href":"https:\/\/api.w.org\/{rel}","templated":true}]}}