{"id":7233,"date":"2023-07-07T10:32:23","date_gmt":"2023-07-07T08:32:23","guid":{"rendered":"https:\/\/www.centress.com.cn\/prodotto\/ies-901-220v\/"},"modified":"2023-07-07T10:32:26","modified_gmt":"2023-07-07T08:32:26","slug":"ies-901-220v","status":"publish","type":"product","link":"https:\/\/www.centress.com.cn\/es\/all-products\/water-heaters\/ies-901-220v\/","title":{"rendered":"IES-901-220V"},"content":{"rendered":"<p>Calentador de ducha el\u00e9ctrico instant\u00e1neo 220V<br \/>\nPotencia m\u00e1xima: 5400w<br \/>\nFrecuencia: 50\/60HZ<br \/>\nCorriente: 25A Alambre \/30cm: 2.5mm\u00b2<br \/>\n20KPA~300KPA<\/p>\n","protected":false},"excerpt":{"rendered":"<p>Calentador de ducha el\u00e9ctrico instant\u00e1neo 220V Potencia m\u00e1xima: 5400w Frecuencia: 50\/60HZ Corriente: 25A Alambre \/30cm: 2.5mm\u00b2 20KPA~300KPA<\/p>\n","protected":false},"featured_media":1038,"template":"","meta":[],"product_cat":[32],"product_tag":[],"acf":[],"_links":{"self":[{"href":"https:\/\/www.centress.com.cn\/es\/wp-json\/wp\/v2\/product\/7233"}],"collection":[{"href":"https:\/\/www.centress.com.cn\/es\/wp-json\/wp\/v2\/product"}],"about":[{"href":"https:\/\/www.centress.com.cn\/es\/wp-json\/wp\/v2\/types\/product"}],"version-history":[{"count":0,"href":"https:\/\/www.centress.com.cn\/es\/wp-json\/wp\/v2\/product\/7233\/revisions"}],"wp:featuredmedia":[{"embeddable":true,"href":"https:\/\/www.centress.com.cn\/es\/wp-json\/wp\/v2\/media\/1038"}],"wp:attachment":[{"href":"https:\/\/www.centress.com.cn\/es\/wp-json\/wp\/v2\/media?parent=7233"}],"wp:term":[{"taxonomy":"product_cat","embeddable":true,"href":"https:\/\/www.centress.com.cn\/es\/wp-json\/wp\/v2\/product_cat?post=7233"},{"taxonomy":"product_tag","embeddable":true,"href":"https:\/\/www.centress.com.cn\/es\/wp-json\/wp\/v2\/product_tag?post=7233"}],"curies":[{"name":"wp","href":"https:\/\/api.w.org\/{rel}","templated":true}]}}