{"id":13334,"date":"2025-09-26T16:36:50","date_gmt":"2025-09-26T14:36:50","guid":{"rendered":"https:\/\/www.centress.com.cn\/?post_type=product&#038;p=13334"},"modified":"2025-10-07T10:43:52","modified_gmt":"2025-10-07T08:43:52","slug":"bamboo","status":"publish","type":"product","link":"https:\/\/www.centress.com.cn\/es\/all-products\/pisos\/bamboo\/","title":{"rendered":"BAMBOO"},"content":{"rendered":"","protected":false},"excerpt":{"rendered":"<p>Elegantes, resistentes y respetuosos con el medio ambiente, los suelos de bamb\u00fa representan una opci\u00f3n ecol\u00f3gica sin compromisos en cuanto a est\u00e9tica y durabilidad. Gracias al r\u00e1pido crecimiento de la planta, el bamb\u00fa es un recurso renovable ideal para aquellos que buscan soluciones ecol\u00f3gicas para su hogar.<br \/>\nNatural y refinado, este tipo de suelo es perfecto para interiores, ofreciendo una superficie resistente a los golpes, la humedad y el desgaste diario. Disponible en diferentes acabados y tonalidades, se adapta tanto a espacios modernos como m\u00e1s tradicionales.<br \/>\nF\u00e1cil de colocar y mantener, el bamb\u00fa combina belleza y sostenibilidad, aportando calidez y armon\u00eda a cualquier habitaci\u00f3n.<\/p>\n","protected":false},"featured_media":13317,"template":"","meta":[],"product_cat":[287],"product_tag":[],"acf":[],"_links":{"self":[{"href":"https:\/\/www.centress.com.cn\/es\/wp-json\/wp\/v2\/product\/13334"}],"collection":[{"href":"https:\/\/www.centress.com.cn\/es\/wp-json\/wp\/v2\/product"}],"about":[{"href":"https:\/\/www.centress.com.cn\/es\/wp-json\/wp\/v2\/types\/product"}],"version-history":[{"count":2,"href":"https:\/\/www.centress.com.cn\/es\/wp-json\/wp\/v2\/product\/13334\/revisions"}],"predecessor-version":[{"id":13339,"href":"https:\/\/www.centress.com.cn\/es\/wp-json\/wp\/v2\/product\/13334\/revisions\/13339"}],"wp:featuredmedia":[{"embeddable":true,"href":"https:\/\/www.centress.com.cn\/es\/wp-json\/wp\/v2\/media\/13317"}],"wp:attachment":[{"href":"https:\/\/www.centress.com.cn\/es\/wp-json\/wp\/v2\/media?parent=13334"}],"wp:term":[{"taxonomy":"product_cat","embeddable":true,"href":"https:\/\/www.centress.com.cn\/es\/wp-json\/wp\/v2\/product_cat?post=13334"},{"taxonomy":"product_tag","embeddable":true,"href":"https:\/\/www.centress.com.cn\/es\/wp-json\/wp\/v2\/product_tag?post=13334"}],"curies":[{"name":"wp","href":"https:\/\/api.w.org\/{rel}","templated":true}]}}