{"id":13328,"date":"2025-09-26T16:34:51","date_gmt":"2025-09-26T14:34:51","guid":{"rendered":"https:\/\/www.centress.com.cn\/?post_type=product&#038;p=13328"},"modified":"2025-10-07T10:45:38","modified_gmt":"2025-10-07T08:45:38","slug":"wpc","status":"publish","type":"product","link":"https:\/\/www.centress.com.cn\/es\/all-products\/pisos\/wpc\/","title":{"rendered":"WPC"},"content":{"rendered":"","protected":false},"excerpt":{"rendered":"<p>Los pisos de WPC combinan la est\u00e9tica c\u00e1lida de la madera con la resistencia de los materiales compuestos, ofreciendo una soluci\u00f3n ideal para espacios exteriores como terrazas, balcones, bordes de piscinas y jardines. Fabricados con una mezcla de fibras de madera y pol\u00edmeros, garantizan resistencia a los agentes atmosf\u00e9ricos, la humedad, los rayos UV y los cambios de temperatura.<br \/>\nAntideslizantes, f\u00e1ciles de limpiar y duraderos en el tiempo, los pisos WPC no se astillan, no se pudren y no requieren un mantenimiento complejo. La instalaci\u00f3n es sencilla, a menudo con sistema de encastre o sobre subestructura, y permite obtener un efecto elegante y natural con el m\u00ednimo esfuerzo.<br \/>\nDisponibles en varios acabados y colores, son la opci\u00f3n perfecta para aquellos que desean una est\u00e9tica natural sin renunciar a la practicidad.<\/p>\n","protected":false},"featured_media":13312,"template":"","meta":[],"product_cat":[287],"product_tag":[],"acf":[],"_links":{"self":[{"href":"https:\/\/www.centress.com.cn\/es\/wp-json\/wp\/v2\/product\/13328"}],"collection":[{"href":"https:\/\/www.centress.com.cn\/es\/wp-json\/wp\/v2\/product"}],"about":[{"href":"https:\/\/www.centress.com.cn\/es\/wp-json\/wp\/v2\/types\/product"}],"version-history":[{"count":3,"href":"https:\/\/www.centress.com.cn\/es\/wp-json\/wp\/v2\/product\/13328\/revisions"}],"predecessor-version":[{"id":13341,"href":"https:\/\/www.centress.com.cn\/es\/wp-json\/wp\/v2\/product\/13328\/revisions\/13341"}],"wp:featuredmedia":[{"embeddable":true,"href":"https:\/\/www.centress.com.cn\/es\/wp-json\/wp\/v2\/media\/13312"}],"wp:attachment":[{"href":"https:\/\/www.centress.com.cn\/es\/wp-json\/wp\/v2\/media?parent=13328"}],"wp:term":[{"taxonomy":"product_cat","embeddable":true,"href":"https:\/\/www.centress.com.cn\/es\/wp-json\/wp\/v2\/product_cat?post=13328"},{"taxonomy":"product_tag","embeddable":true,"href":"https:\/\/www.centress.com.cn\/es\/wp-json\/wp\/v2\/product_tag?post=13328"}],"curies":[{"name":"wp","href":"https:\/\/api.w.org\/{rel}","templated":true}]}}