{"id":13322,"date":"2025-09-26T16:24:26","date_gmt":"2025-09-26T14:24:26","guid":{"rendered":"https:\/\/www.centress.com.cn\/?post_type=product&#038;p=13322"},"modified":"2025-10-07T10:52:52","modified_gmt":"2025-10-07T08:52:52","slug":"pvc","status":"publish","type":"product","link":"https:\/\/www.centress.com.cn\/es\/all-products\/pisos\/pvc\/","title":{"rendered":"PVC"},"content":{"rendered":"","protected":false},"excerpt":{"rendered":"<p>Los pisos de PVC son la soluci\u00f3n ideal para el hogar, oficinas, tiendas, restaurantes y cualquier espacio que necesite un cambio de imagen r\u00e1pido y eficaz. Gracias a su practicidad, estos pisos se adaptan perfectamente a contextos modernos, sin renunciar al estilo y la funcionalidad.<br \/>\nLas opciones son realmente numerosas: desde el c\u00e1lido efecto madera a la elegancia del m\u00e1rmol, hasta los tonos minimalistas total black o white, perfectos para ambientes modernos y de dise\u00f1o. Cada estilo encuentra su expresi\u00f3n en un suelo de vinilo f\u00e1cil de colocar e igual de f\u00e1cil de quitar.<br \/>\nA diferencia de los pisos tradicionales, los pisos de PVC no requieren la eliminaci\u00f3n del revestimiento existente: se pueden aplicar directamente encima, ahorrando tiempo y dinero. Son pisables despu\u00e9s de unas pocas horas y no implican largos tiempos de espera.<\/p>\n","protected":false},"featured_media":13295,"template":"","meta":[],"product_cat":[287],"product_tag":[],"acf":[],"_links":{"self":[{"href":"https:\/\/www.centress.com.cn\/es\/wp-json\/wp\/v2\/product\/13322"}],"collection":[{"href":"https:\/\/www.centress.com.cn\/es\/wp-json\/wp\/v2\/product"}],"about":[{"href":"https:\/\/www.centress.com.cn\/es\/wp-json\/wp\/v2\/types\/product"}],"version-history":[{"count":2,"href":"https:\/\/www.centress.com.cn\/es\/wp-json\/wp\/v2\/product\/13322\/revisions"}],"predecessor-version":[{"id":13351,"href":"https:\/\/www.centress.com.cn\/es\/wp-json\/wp\/v2\/product\/13322\/revisions\/13351"}],"wp:featuredmedia":[{"embeddable":true,"href":"https:\/\/www.centress.com.cn\/es\/wp-json\/wp\/v2\/media\/13295"}],"wp:attachment":[{"href":"https:\/\/www.centress.com.cn\/es\/wp-json\/wp\/v2\/media?parent=13322"}],"wp:term":[{"taxonomy":"product_cat","embeddable":true,"href":"https:\/\/www.centress.com.cn\/es\/wp-json\/wp\/v2\/product_cat?post=13322"},{"taxonomy":"product_tag","embeddable":true,"href":"https:\/\/www.centress.com.cn\/es\/wp-json\/wp\/v2\/product_tag?post=13322"}],"curies":[{"name":"wp","href":"https:\/\/api.w.org\/{rel}","templated":true}]}}