{"id":13136,"date":"2024-02-09T14:55:30","date_gmt":"2024-02-09T13:55:30","guid":{"rendered":"https:\/\/www.centress.com.cn\/all-products\/sin%20categor\u00eda\/cen3-15b-22-n-016\/"},"modified":"2024-02-09T14:55:30","modified_gmt":"2024-02-09T13:55:30","slug":"cen3-15b-22-n-016","status":"publish","type":"product","link":"https:\/\/www.centress.com.cn\/es\/all-products\/intercambiador-de-calor-soldado\/cen3-15b-22-n-016\/","title":{"rendered":"CEN3-15B-22 (N. 016)"},"content":{"rendered":"<p>Intercambiador de Calor Soldado<br \/>\n N. platos: 22<br \/>\n Material: acero inoxidable 304<br \/>\n Soldadura: cobre<br \/>\n Presi\u00f3n m\u00e1xima de trabajo: 10 bar<br \/>\n Distancia del conector: 154mmx42mm<br \/>\n Flujo: cruzado<br \/>\n Aplicaci\u00f3n: circuito secundario de calderas murales.<\/p>\n","protected":false},"excerpt":{"rendered":"<p>Intercambiador de Calor Soldado N. platos: 22 Material: acero inoxidable 304 Soldadura: cobre Presi\u00f3n m\u00e1xima de trabajo: 10 bar Distancia del conector: 154mmx42mm Flujo: cruzado Aplicaci\u00f3n:<span class=\"excerpt-hellip\"> [\u2026]<\/span><\/p>\n","protected":false},"featured_media":13055,"template":"","meta":[],"product_cat":[281],"product_tag":[],"acf":[],"_links":{"self":[{"href":"https:\/\/www.centress.com.cn\/es\/wp-json\/wp\/v2\/product\/13136"}],"collection":[{"href":"https:\/\/www.centress.com.cn\/es\/wp-json\/wp\/v2\/product"}],"about":[{"href":"https:\/\/www.centress.com.cn\/es\/wp-json\/wp\/v2\/types\/product"}],"version-history":[{"count":0,"href":"https:\/\/www.centress.com.cn\/es\/wp-json\/wp\/v2\/product\/13136\/revisions"}],"wp:featuredmedia":[{"embeddable":true,"href":"https:\/\/www.centress.com.cn\/es\/wp-json\/wp\/v2\/media\/13055"}],"wp:attachment":[{"href":"https:\/\/www.centress.com.cn\/es\/wp-json\/wp\/v2\/media?parent=13136"}],"wp:term":[{"taxonomy":"product_cat","embeddable":true,"href":"https:\/\/www.centress.com.cn\/es\/wp-json\/wp\/v2\/product_cat?post=13136"},{"taxonomy":"product_tag","embeddable":true,"href":"https:\/\/www.centress.com.cn\/es\/wp-json\/wp\/v2\/product_tag?post=13136"}],"curies":[{"name":"wp","href":"https:\/\/api.w.org\/{rel}","templated":true}]}}