{"id":13127,"date":"2024-02-09T14:55:26","date_gmt":"2024-02-09T13:55:26","guid":{"rendered":"https:\/\/www.centress.com.cn\/all-products\/sin%20categor\u00eda\/cen3-12a-17-n-156\/"},"modified":"2024-02-09T14:55:28","modified_gmt":"2024-02-09T13:55:28","slug":"cen3-12a-17-n-156","status":"publish","type":"product","link":"https:\/\/www.centress.com.cn\/es\/all-products\/intercambiador-de-calor-soldado\/cen3-12a-17-n-156\/","title":{"rendered":"CEN3-12A-17 (N. 156)"},"content":{"rendered":"<p>Intercambiador de Calor Soldado<br \/>\n N. platos: 16<br \/>\n Material: acero inoxidable 304<br \/>\n Soldadura: cobre<br \/>\n Presi\u00f3n m\u00e1xima de trabajo: 10 bar<br \/>\n Distancia del conector: 154mmx40mm<br \/>\n Flujo: paralelo<br \/>\n Aplicaci\u00f3n: circuito secundario de calderas murales.<\/p>\n","protected":false},"excerpt":{"rendered":"<p>Intercambiador de Calor Soldado N. platos: 16 Material: acero inoxidable 304 Soldadura: cobre Presi\u00f3n m\u00e1xima de trabajo: 10 bar Distancia del conector: 154mmx40mm Flujo: paralelo Aplicaci\u00f3n:<span class=\"excerpt-hellip\"> [\u2026]<\/span><\/p>\n","protected":false},"featured_media":12992,"template":"","meta":[],"product_cat":[281],"product_tag":[],"acf":[],"_links":{"self":[{"href":"https:\/\/www.centress.com.cn\/es\/wp-json\/wp\/v2\/product\/13127"}],"collection":[{"href":"https:\/\/www.centress.com.cn\/es\/wp-json\/wp\/v2\/product"}],"about":[{"href":"https:\/\/www.centress.com.cn\/es\/wp-json\/wp\/v2\/types\/product"}],"version-history":[{"count":0,"href":"https:\/\/www.centress.com.cn\/es\/wp-json\/wp\/v2\/product\/13127\/revisions"}],"wp:featuredmedia":[{"embeddable":true,"href":"https:\/\/www.centress.com.cn\/es\/wp-json\/wp\/v2\/media\/12992"}],"wp:attachment":[{"href":"https:\/\/www.centress.com.cn\/es\/wp-json\/wp\/v2\/media?parent=13127"}],"wp:term":[{"taxonomy":"product_cat","embeddable":true,"href":"https:\/\/www.centress.com.cn\/es\/wp-json\/wp\/v2\/product_cat?post=13127"},{"taxonomy":"product_tag","embeddable":true,"href":"https:\/\/www.centress.com.cn\/es\/wp-json\/wp\/v2\/product_tag?post=13127"}],"curies":[{"name":"wp","href":"https:\/\/api.w.org\/{rel}","templated":true}]}}